{"id":17,"date":"2023-04-26T11:26:09","date_gmt":"2023-04-26T11:26:09","guid":{"rendered":"https:\/\/activerite.com\/?page_id=17"},"modified":"2023-04-26T13:54:04","modified_gmt":"2023-04-26T13:54:04","slug":"brouillon-auto","status":"publish","type":"page","link":"https:\/\/activerite.com\/","title":{"rendered":"Home"},"content":{"rendered":"\t<section class=\"section\" id=\"section_974746408\">\n\t\t<div class=\"bg section-bg fill bg-fill  bg-loaded\" >\n\n\t\t\t\n\t\t\t\n\t\t\t\n\n\t\t<\/div>\n\n\t\t\n\n\t\t<div class=\"section-content relative\">\n\t\t\t\n\n  <div class=\"banner has-hover has-parallax\" id=\"banner-1833446941\">\n          <div class=\"banner-inner fill\">\n        <div class=\"banner-bg fill\" data-parallax=\"-5\" data-parallax-container=\".banner\" data-parallax-background>\n            <div class=\"bg fill bg-fill \"><\/div>\n                        <div class=\"overlay\"><\/div>            \n                    <\/div>\n\t\t\n        <div class=\"banner-layers container\">\n            <div class=\"fill banner-link\"><\/div>            \n   <div id=\"text-box-1806322856\" class=\"text-box banner-layer x50 md-x50 lg-x50 y50 md-y50 lg-y50 res-text\">\n                                <div class=\"text-box-content text dark\">\n              \n              <div class=\"text-inner text-center\">\n                  \n<h3 class=\"uppercase\"><strong>Pr\u00e9sentation des services<br \/>\nde <em>ActiveRite Limited<\/em><\/strong><\/h3>\n<p>Notre entreprise s&rsquo;occupe d&rsquo;assister les entreprises du digital \u00e0 gagner du temps ou \u00e0 am\u00e9liorer leurs performances. Que vous soyez un site vitrine, un Blog, ou un E-commerce : Nos services peuvent vous aider dans le d\u00e9veloppement de vos Business.<\/p>\n              <\/div>\n           <\/div>\n                            \n<style>\n#text-box-1806322856 {\n  width: 60%;\n}\n#text-box-1806322856 .text-box-content {\n  font-size: 100%;\n}\n<\/style>\n    <\/div>\n \n        <\/div>\n      <\/div>\n\n              <div class=\"height-fix is-invisible\"><img loading=\"lazy\" decoding=\"async\" width=\"1020\" height=\"680\" src=\"https:\/\/activerite.com\/wp-content\/uploads\/2023\/04\/Sans-titre-2-1024x683.jpg\" class=\"attachment-large size-large\" alt=\"\" srcset=\"https:\/\/activerite.com\/wp-content\/uploads\/2023\/04\/Sans-titre-2-1024x683.jpg 1024w, https:\/\/activerite.com\/wp-content\/uploads\/2023\/04\/Sans-titre-2-300x200.jpg 300w, https:\/\/activerite.com\/wp-content\/uploads\/2023\/04\/Sans-titre-2-768x512.jpg 768w, https:\/\/activerite.com\/wp-content\/uploads\/2023\/04\/Sans-titre-2.jpg 1200w\" sizes=\"auto, (max-width: 1020px) 100vw, 1020px\" \/><\/div>\n            \n<style>\n#banner-1833446941 .bg.bg-loaded {\n  background-image: url(https:\/\/activerite.com\/wp-content\/uploads\/2023\/04\/Sans-titre-2-1024x683.jpg);\n}\n#banner-1833446941 .overlay {\n  background-color: rgba(0,0,0,.5);\n}\n<\/style>\n  <\/div>\n\n\n<div class=\"row align-middle\"  id=\"row-527990256\">\n\n\t<div id=\"col-16414008\" class=\"col medium-8 small-12 large-8\"  >\n\t\t\t\t<div class=\"col-inner\"  >\n\t\t\t\n\t\t\t\n<h3>Animation de vos r\u00e9seaux sociaux<\/h3>\n<p>Nous pouvons promouvoir votre activit\u00e9 via des m\u00e9dias sur tous vos r\u00e9seaux sociaux : <strong>Pinterest, Facebook, TikTok, Instagram.<\/strong><\/p>\n<p>Nous pouvons nous occuper de vos campagnes de A \u00e0 Z : <strong>cr\u00e9ations graphiques, copywriting, diffusion programm\u00e9e, animation des groupes&#8230;\u00a0<\/strong><\/p>\n<a href=\"https:\/\/activerite.com\/?page_id=37\" target=\"_self\" class=\"button primary\"  style=\"border-radius:99px;\">\n    <span>Contactez nous<\/span>\n  <\/a>\n\n\t\t<\/div>\n\t\t\t\t\t<\/div>\n\n\t\n\n\t<div id=\"col-2093039717\" class=\"col medium-4 small-12 large-4\"  >\n\t\t\t\t<div class=\"col-inner\"  >\n\t\t\t\n\t\t\t\n\t<div class=\"img has-hover x md-x lg-x y md-y lg-y\" id=\"image_564149535\">\n\t\t\t\t\t\t\t\t<div class=\"img-inner dark\" >\n\t\t\t<img loading=\"lazy\" decoding=\"async\" width=\"1020\" height=\"1020\" src=\"https:\/\/activerite.com\/wp-content\/uploads\/2023\/04\/Sans-titre-1024x1024.jpg\" class=\"attachment-large size-large\" alt=\"\" srcset=\"https:\/\/activerite.com\/wp-content\/uploads\/2023\/04\/Sans-titre-1024x1024.jpg 1024w, https:\/\/activerite.com\/wp-content\/uploads\/2023\/04\/Sans-titre-300x300.jpg 300w, https:\/\/activerite.com\/wp-content\/uploads\/2023\/04\/Sans-titre-150x150.jpg 150w, https:\/\/activerite.com\/wp-content\/uploads\/2023\/04\/Sans-titre-768x768.jpg 768w, https:\/\/activerite.com\/wp-content\/uploads\/2023\/04\/Sans-titre.jpg 1200w\" sizes=\"auto, (max-width: 1020px) 100vw, 1020px\" \/>\t\t\t\t\t\t\n\t\t\t\t\t<\/div>\n\t\t\t\t\t\t\t\t\n<style>\n#image_564149535 {\n  width: 100%;\n}\n<\/style>\n\t<\/div>\n\t\n\t\t<\/div>\n\t\t\t\t\t<\/div>\n\n\t\n<\/div>\n<div class=\"row align-middle\"  id=\"row-1054263843\">\n\n\t<div id=\"col-43637675\" class=\"col medium-4 small-12 large-4\"  >\n\t\t\t\t<div class=\"col-inner\"  >\n\t\t\t\n\t\t\t\n\t<div class=\"img has-hover x md-x lg-x y md-y lg-y\" id=\"image_1914576442\">\n\t\t\t\t\t\t\t\t<div class=\"img-inner dark\" >\n\t\t\t<img loading=\"lazy\" decoding=\"async\" width=\"1020\" height=\"1020\" src=\"https:\/\/activerite.com\/wp-content\/uploads\/2023\/04\/Sans-titre-1-1024x1024.jpg\" class=\"attachment-large size-large\" alt=\"\" srcset=\"https:\/\/activerite.com\/wp-content\/uploads\/2023\/04\/Sans-titre-1-1024x1024.jpg 1024w, https:\/\/activerite.com\/wp-content\/uploads\/2023\/04\/Sans-titre-1-300x300.jpg 300w, https:\/\/activerite.com\/wp-content\/uploads\/2023\/04\/Sans-titre-1-150x150.jpg 150w, https:\/\/activerite.com\/wp-content\/uploads\/2023\/04\/Sans-titre-1-768x768.jpg 768w, https:\/\/activerite.com\/wp-content\/uploads\/2023\/04\/Sans-titre-1.jpg 1200w\" sizes=\"auto, (max-width: 1020px) 100vw, 1020px\" \/>\t\t\t\t\t\t\n\t\t\t\t\t<\/div>\n\t\t\t\t\t\t\t\t\n<style>\n#image_1914576442 {\n  width: 100%;\n}\n<\/style>\n\t<\/div>\n\t\n\t\t<\/div>\n\t\t\t\t\t<\/div>\n\n\t\n\n\t<div id=\"col-953640232\" class=\"col medium-8 small-12 large-8\"  >\n\t\t\t\t<div class=\"col-inner\"  >\n\t\t\t\n\t\t\t\n<h3>R\u00e9daction de vos articles de Blog<\/h3>\n<p>Nous pouvons nous charger de la production \u00e9ditoriale de vos Blogs. Nous utilisons en interne des outils tels que YourTextGuru, Semrush et Jarvis pour vous aider \u00e0 <strong>g\u00e9n\u00e9rer du trafic via le SEO.<\/strong><\/p>\n<p>Nous pouvons g\u00e9n\u00e9rer des contenus sur la plupart des th\u00e9matiques : <strong>Voyage, E-commerce, Sant\u00e9, Actualit\u00e9, Hobbies, D\u00e9coration, Immobilier&#8230;\u00a0<\/strong><\/p>\n<a href=\"https:\/\/activerite.com\/?page_id=37\" target=\"_self\" class=\"button primary\"  style=\"border-radius:99px;\">\n    <span>Contactez nous<\/span>\n  <\/a>\n\n\t\t<\/div>\n\t\t\t\t\t<\/div>\n\n\t\n<\/div>\n<div class=\"row align-middle\"  id=\"row-91025997\">\n\n\t<div id=\"col-1929015688\" class=\"col medium-8 small-12 large-8\"  >\n\t\t\t\t<div class=\"col-inner\"  >\n\t\t\t\n\t\t\t\n<h3>Service apr\u00e8s vente &amp; Support client<\/h3>\n<p>Vous avez besoin de sous traiter votre SAV ? Notre \u00e9quipe peut se charger de communiquer avec vos clients. Nous pouvons utiliser tous les supports mis \u00e0 disposition : Emails, Tchats, T\u00e9l\u00e9phone.<\/p>\n<p>Nous pouvons nous adapter \u00e0 votre coeur de m\u00e9tier et d\u00e9livrer un service qui optimisera la relation de confiance entre vos marques et vos clients.<\/p>\n<a href=\"https:\/\/activerite.com\/?page_id=37\" target=\"_self\" class=\"button primary\"  style=\"border-radius:99px;\">\n    <span>Contactez nous<\/span>\n  <\/a>\n\n\t\t<\/div>\n\t\t\t\t\t<\/div>\n\n\t\n\n\t<div id=\"col-1585937330\" class=\"col medium-4 small-12 large-4\"  >\n\t\t\t\t<div class=\"col-inner\"  >\n\t\t\t\n\t\t\t\n\t<div class=\"img has-hover x md-x lg-x y md-y lg-y\" id=\"image_982091271\">\n\t\t\t\t\t\t\t\t<div class=\"img-inner dark\" >\n\t\t\t<img loading=\"lazy\" decoding=\"async\" width=\"800\" height=\"800\" src=\"https:\/\/activerite.com\/wp-content\/uploads\/2023\/04\/Sans-titre-3.jpg\" class=\"attachment-large size-large\" alt=\"\" srcset=\"https:\/\/activerite.com\/wp-content\/uploads\/2023\/04\/Sans-titre-3.jpg 800w, https:\/\/activerite.com\/wp-content\/uploads\/2023\/04\/Sans-titre-3-300x300.jpg 300w, https:\/\/activerite.com\/wp-content\/uploads\/2023\/04\/Sans-titre-3-150x150.jpg 150w, https:\/\/activerite.com\/wp-content\/uploads\/2023\/04\/Sans-titre-3-768x768.jpg 768w\" sizes=\"auto, (max-width: 800px) 100vw, 800px\" \/>\t\t\t\t\t\t\n\t\t\t\t\t<\/div>\n\t\t\t\t\t\t\t\t\n<style>\n#image_982091271 {\n  width: 100%;\n}\n<\/style>\n\t<\/div>\n\t\n\t\t<\/div>\n\t\t\t\t\t<\/div>\n\n\t\n<\/div>\n\t\t<\/div>\n\n\t\t\n<style>\n#section_974746408 {\n  padding-top: 30px;\n  padding-bottom: 30px;\n}\n<\/style>\n\t<\/section>\n\t\n","protected":false},"excerpt":{"rendered":"","protected":false},"author":1,"featured_media":0,"parent":0,"menu_order":0,"comment_status":"closed","ping_status":"closed","template":"","meta":{"footnotes":""},"class_list":["post-17","page","type-page","status-publish","hentry"],"_links":{"self":[{"href":"https:\/\/activerite.com\/index.php?rest_route=\/wp\/v2\/pages\/17","targetHints":{"allow":["GET"]}}],"collection":[{"href":"https:\/\/activerite.com\/index.php?rest_route=\/wp\/v2\/pages"}],"about":[{"href":"https:\/\/activerite.com\/index.php?rest_route=\/wp\/v2\/types\/page"}],"author":[{"embeddable":true,"href":"https:\/\/activerite.com\/index.php?rest_route=\/wp\/v2\/users\/1"}],"replies":[{"embeddable":true,"href":"https:\/\/activerite.com\/index.php?rest_route=%2Fwp%2Fv2%2Fcomments&post=17"}],"version-history":[{"count":12,"href":"https:\/\/activerite.com\/index.php?rest_route=\/wp\/v2\/pages\/17\/revisions"}],"predecessor-version":[{"id":48,"href":"https:\/\/activerite.com\/index.php?rest_route=\/wp\/v2\/pages\/17\/revisions\/48"}],"wp:attachment":[{"href":"https:\/\/activerite.com\/index.php?rest_route=%2Fwp%2Fv2%2Fmedia&parent=17"}],"curies":[{"name":"wp","href":"https:\/\/api.w.org\/{rel}","templated":true}]}}